{"id":5064,"date":"2020-04-14T13:14:34","date_gmt":"2020-04-14T13:14:34","guid":{"rendered":"http:\/\/ing-connect.de\/?page_id=5064"},"modified":"2020-05-11T08:04:07","modified_gmt":"2020-05-11T08:04:07","slug":"workshops","status":"publish","type":"page","link":"https:\/\/ing-connect.de\/?page_id=5064","title":{"rendered":"Workshops"},"content":{"rendered":"<div class=\"wpb-content-wrapper\"><p>[vc_row][vc_column][tm_spacer size=&#8220;lg:40&#8243;][\/vc_column][\/vc_row][vc_row][vc_column width=&#8220;1\/2&#8243;][vc_column_text]<\/p>\n<h4><span style=\"color: #6bb529;\">Selbst erfahrene Kunden empfinden die aktuelle Gemengelage aus Rohstoffknappheit, Komplexit\u00e4t der gesetzlichen Rahmenbedingungen plus Nachhaltigkeitszielen bei der Ver- und Entsorgung als gro\u00dfe Herausforderung. Gerade wenn man unter Zeit- und Kostendruck verl\u00e4sslich und kundenorientiert planen m\u00f6chte. <\/span><\/h4>\n<p>Fraglos gibt es viele grundlegende Seminarangebote, um Regelwerke darzustellen und Neuerungen zu vermitteln. Die Anwendung f\u00fcr eine fortgeschrittene, mehrperspektivische Eink\u00e4uferpraxis aus Zeit-, und Kostendruck und eingeschr\u00e4nkter Marktsituation m\u00f6chten wir alltagsnah und l\u00f6sungsorientiert betrachten.<\/p>\n<p>Das hat uns motiviert, unser spezialisiertes Wissen und unsere Routinen in Workshops \u201eeinfach\u201c und klar aufzubereiten und Alltagsf\u00e4lle durchzuspielen. Die Konzepte dazu hat die ING-CONNECT GmbH nun gemeinsam mit der etablierten Ingenieurgesellschaft der INGENUM GmbH entwickelt, die sich auf Geo, Energie und Umwelt spezialisiert hat. So werden unsere Marktkenntnis und unser logistisches Knowhow noch einmal um praktisches Gutachter- und Bauplanungswissen erg\u00e4nzt.<\/p>\n<p>Mit unseren Workshops m\u00f6chten wir im Besonderen drei Herausforderungen konzentriert aufbereiten und diese entsprechend Ihrer Ziele passend zusammenstellen:<\/p>\n<p><strong>Rechte und Verordnungen:<\/strong> Die rechtlichen Grundlagen rund um das Thema \u201eEntsorgung\u201c sind nicht nur komplex; sie werden zudem regelm\u00e4\u00dfig erweitert. Wir haben ein- und mehrt\u00e4gige Kompaktschulungen entwickelt, die Ihnen helfen, sich in den komplexen und dynamischen Verordnungen f\u00fcr Ver- und Entsorgung in Deutschland alltagsnah zu orientieren: Vom Kreislaufwirtschaftsgesetz und der Deponieverordnung mit ihren Bundeseinheitlichen Qualit\u00e4tsstandards (BQS) \u00fcber die Grunds\u00e4tze der Regelwerke der Bund-\/L\u00e4nderarbeitsgemeinschaft Abfall (LAGA) sowie des stetig in der \u00dcberarbeitung befindlichen Referentenentwurfs der Mantelverordnung bis hin zum Bundes-Bodenschutzgesetz hat sich ein komplexer Handlungsrahmen aufgespannt.[\/vc_column_text][\/vc_column][vc_column width=&#8220;1\/2&#8243;][vc_column_text]<strong>Recherche und Logistik: <\/strong>Wir arbeiten mit unterschiedlichen Informationsquellen und Netzwerken, um Materialen zeit- und kosteneffizient zu besorgen oder zu entsorgen. Eine besondere Chance f\u00fcr Effizienz und Umwelt bieten dabei die Recycling- und Upcycling-Optionen, die mehr Souver\u00e4nit\u00e4t in der Planung und Bewertung verlangen, daf\u00fcr Umwelt und Budgets schonen k\u00f6nnen. Hochgerechnet k\u00f6nnen bundesweit mehrere Hundert Millionen LKW-Kilometer durch eine ebenso einfach bedienbare wie effiziente Software eingespart werden, an deren Weiterentwicklung wir arbeiten.<\/p>\n<p><strong>Routinen und Fallstricke im Bau- und Entsorgungsalltag: <\/strong>Gut gemeinte Regelungen, die die Umwelt noch differenzierter sch\u00fctzen sollen, k\u00f6nnen bei zu gr\u00f6\u00dfer Komplexit\u00e4t zu dem Paradoxon f\u00fchren, dass im Alltag lieber unn\u00f6tig aber daf\u00fcr \u201erichtig\u201c auf einer Deponie beseitigt wird, statt Gefahr zu laufen, etwas \u201efalsch\u201c zu verwerten bzw. wiederzuverwenden. Wir fokussieren auf besondere Handlungsroutinen und wiederkehrende und entsprechend vermeidbare Fehler bzw. Konflikte. Zudem bieten wir unseren Kunden an, sich gern bei Spezialfragen an uns zu wenden.<\/p>\n<p>Unsere praxisnahen Dienstleistungen helfen Ihnen so, nicht nur sachlich korrekt auf station\u00e4re Lieferanten und Entsorger zur\u00fcckzugreifen, sondern auch dabei ressourcenschonende Alternativen in der Materialversorgung und der Entsorgung durch Behandlungen und Upcycling souver\u00e4n zu nutzen.<\/p>\n<p><strong>Gern stellen wir Ihnen eine Workshopvariante f\u00fcr Ihr Unternehmen mit entsprechenden Schwerpunkten zusammen. Kontakten Sie uns gerne.<\/strong>[\/vc_column_text][\/vc_column][\/vc_row]<\/p>\n<\/div>","protected":false},"excerpt":{"rendered":"<p>[vc_row][vc_column][tm_spacer size=&#8220;lg:40&#8243;][\/vc_column][\/vc_row][vc_row][vc_column width=&#8220;1\/2&#8243;][vc_column_text] Selbst erfahrene Kunden empfinden die aktuelle Gemengelage aus Rohstoffknappheit, Komplexit\u00e4t der gesetzlichen Rahmenbedingungen plus Nachhaltigkeitszielen bei der Ver- und Entsorgung als gro\u00dfe Herausforderung. Gerade wenn man unter Zeit- und Kostendruck verl\u00e4sslich und kundenorientiert planen m\u00f6chte. Fraglos gibt es viele grundlegende Seminarangebote, um Regelwerke darzustellen und Neuerungen zu vermitteln. Die Anwendung f\u00fcr eine fortgeschrittene, mehrperspektivische Eink\u00e4uferpraxis aus Zeit-, und Kostendruck und eingeschr\u00e4nkter Marktsituation m\u00f6chten wir alltagsnah und l\u00f6sungsorientiert betrachten. Das hat uns motiviert, unser spezialisiertes Wissen und unsere Routinen in Workshops \u201eeinfach\u201c und klar aufzubereiten und Alltagsf\u00e4lle durchzuspielen. Die Konzepte dazu hat die ING-CONNECT GmbH nun gemeinsam mit der etablierten Ingenieurgesellschaft der INGENUM GmbH entwickelt, die sich auf Geo, Energie und Umwelt spezialisiert hat. So werden unsere Marktkenntnis und unser logistisches Knowhow noch einmal um praktisches Gutachter- und Bauplanungswissen erg\u00e4nzt. Mit unseren Workshops m\u00f6chten wir im Besonderen drei Herausforderungen konzentriert aufbereiten und diese entsprechend Ihrer Ziele passend zusammenstellen: Rechte und Verordnungen: Die rechtlichen Grundlagen rund um das Thema \u201eEntsorgung\u201c sind nicht nur komplex; sie werden zudem regelm\u00e4\u00dfig erweitert. Wir haben ein- und mehrt\u00e4gige Kompaktschulungen entwickelt, die Ihnen helfen, sich in den komplexen und dynamischen Verordnungen f\u00fcr Ver- und Entsorgung in Deutschland alltagsnah zu orientieren: Vom Kreislaufwirtschaftsgesetz und der Deponieverordnung mit ihren Bundeseinheitlichen Qualit\u00e4tsstandards (BQS) \u00fcber die Grunds\u00e4tze der Regelwerke der Bund-\/L\u00e4nderarbeitsgemeinschaft Abfall (LAGA) sowie des stetig in der \u00dcberarbeitung befindlichen Referentenentwurfs der Mantelverordnung bis hin zum Bundes-Bodenschutzgesetz hat sich ein komplexer Handlungsrahmen aufgespannt.[\/vc_column_text][\/vc_column][vc_column width=&#8220;1\/2&#8243;][vc_column_text]Recherche und Logistik: Wir arbeiten mit unterschiedlichen Informationsquellen und Netzwerken, um Materialen zeit- und kosteneffizient zu besorgen oder zu entsorgen. Eine besondere Chance f\u00fcr Effizienz und Umwelt bieten dabei die Recycling- und Upcycling-Optionen, die mehr Souver\u00e4nit\u00e4t in der Planung und Bewertung verlangen, daf\u00fcr Umwelt und Budgets schonen k\u00f6nnen. Hochgerechnet k\u00f6nnen bundesweit mehrere Hundert Millionen LKW-Kilometer durch eine ebenso einfach bedienbare wie effiziente Software eingespart werden, an deren Weiterentwicklung wir arbeiten. Routinen und Fallstricke im Bau- und Entsorgungsalltag: Gut gemeinte Regelungen, die die Umwelt noch differenzierter sch\u00fctzen sollen, k\u00f6nnen bei zu gr\u00f6\u00dfer Komplexit\u00e4t zu dem Paradoxon f\u00fchren, dass im Alltag lieber unn\u00f6tig aber daf\u00fcr \u201erichtig\u201c auf einer Deponie beseitigt wird, statt Gefahr zu laufen, etwas \u201efalsch\u201c zu verwerten bzw. wiederzuverwenden. Wir fokussieren auf besondere Handlungsroutinen und wiederkehrende und entsprechend vermeidbare Fehler bzw. Konflikte. Zudem bieten wir unseren Kunden an, sich gern bei Spezialfragen an uns zu wenden. Unsere praxisnahen Dienstleistungen helfen Ihnen so, nicht nur sachlich korrekt auf station\u00e4re Lieferanten und Entsorger zur\u00fcckzugreifen, sondern auch dabei ressourcenschonende Alternativen in der Materialversorgung und der Entsorgung durch Behandlungen und Upcycling souver\u00e4n zu nutzen. Gern stellen wir Ihnen eine Workshopvariante f\u00fcr Ihr Unternehmen mit entsprechenden Schwerpunkten zusammen. Kontakten Sie uns gerne.[\/vc_column_text][\/vc_column][\/vc_row]<\/p>\n","protected":false},"author":1,"featured_media":0,"parent":0,"menu_order":0,"comment_status":"closed","ping_status":"closed","template":"","meta":{"footnotes":""},"class_list":["post-5064","page","type-page","status-publish","hentry","post-no-thumbnail"],"_links":{"self":[{"href":"https:\/\/ing-connect.de\/index.php?rest_route=\/wp\/v2\/pages\/5064","targetHints":{"allow":["GET"]}}],"collection":[{"href":"https:\/\/ing-connect.de\/index.php?rest_route=\/wp\/v2\/pages"}],"about":[{"href":"https:\/\/ing-connect.de\/index.php?rest_route=\/wp\/v2\/types\/page"}],"author":[{"embeddable":true,"href":"https:\/\/ing-connect.de\/index.php?rest_route=\/wp\/v2\/users\/1"}],"replies":[{"embeddable":true,"href":"https:\/\/ing-connect.de\/index.php?rest_route=%2Fwp%2Fv2%2Fcomments&post=5064"}],"version-history":[{"count":12,"href":"https:\/\/ing-connect.de\/index.php?rest_route=\/wp\/v2\/pages\/5064\/revisions"}],"predecessor-version":[{"id":5505,"href":"https:\/\/ing-connect.de\/index.php?rest_route=\/wp\/v2\/pages\/5064\/revisions\/5505"}],"wp:attachment":[{"href":"https:\/\/ing-connect.de\/index.php?rest_route=%2Fwp%2Fv2%2Fmedia&parent=5064"}],"curies":[{"name":"wp","href":"https:\/\/api.w.org\/{rel}","templated":true}]}}