{"id":5061,"date":"2020-04-14T13:13:52","date_gmt":"2020-04-14T13:13:52","guid":{"rendered":"http:\/\/ing-connect.de\/?page_id=5061"},"modified":"2025-04-25T12:53:55","modified_gmt":"2025-04-25T12:53:55","slug":"kommunikation","status":"publish","type":"page","link":"https:\/\/ing-connect.de\/?page_id=5061","title":{"rendered":"Kommunikation"},"content":{"rendered":"<div class=\"wpb-content-wrapper\"><p>[vc_row][vc_column][tm_spacer size=&#8220;lg:40&#8243;][\/vc_column][\/vc_row][vc_row][vc_column width=&#8220;1\/2&#8243;][vc_column_text]Mit unserem Team k\u00f6nnen wir Ihnen dabei helfen, wichtige Gro\u00dfprojekte transparent und nachhaltig f\u00fcr eine zeitgem\u00e4\u00dfe B\u00fcrgerkommunikation aufzubereiten. Ebenso unterst\u00fctzen wir Sie, komplexe neuartige Produkte, Dienstleistungen oder Pr\u00e4sentationen in Business to Customer (BtoC) oder Business to Business (BtoB) per Video, Webseite oder Print f\u00fcr zuk\u00fcnftige Auftraggeber attraktiv zu gestalten oder zu optimieren.[\/vc_column_text][\/vc_column][vc_column width=&#8220;1\/2&#8243;][vc_column_text]<\/p>\n<div style=\"width: 640px;\" class=\"wp-video\"><video class=\"wp-video-shortcode\" id=\"video-5061-1\" width=\"640\" height=\"360\" preload=\"metadata\" controls=\"controls\"><source type=\"video\/mp4\" src=\"http:\/\/ing-connect.de\/wp-content\/uploads\/2020\/04\/kommunikation_sequenz.mp4?_=1\" \/><a href=\"http:\/\/ing-connect.de\/wp-content\/uploads\/2020\/04\/kommunikation_sequenz.mp4\">http:\/\/ing-connect.de\/wp-content\/uploads\/2020\/04\/kommunikation_sequenz.mp4<\/a><\/video><\/div>\n<p>[\/vc_column_text][tm_spacer size=&#8220;lg:25&#8243;][vc_column_text]<\/p>\n<div style=\"width: 640px;\" class=\"wp-video\"><video class=\"wp-video-shortcode\" id=\"video-5061-2\" width=\"640\" height=\"360\" preload=\"metadata\" controls=\"controls\"><source type=\"video\/mp4\" src=\"http:\/\/ing-connect.de\/wp-content\/uploads\/2020\/04\/Clip_Video_FWSRR.mp4?_=2\" \/><a href=\"http:\/\/ing-connect.de\/wp-content\/uploads\/2020\/04\/Clip_Video_FWSRR.mp4\">http:\/\/ing-connect.de\/wp-content\/uploads\/2020\/04\/Clip_Video_FWSRR.mp4<\/a><\/video><\/div>\n<p>[\/vc_column_text][tm_spacer size=&#8220;lg:25&#8243;][\/vc_column][\/vc_row]<\/p>\n<\/div>","protected":false},"excerpt":{"rendered":"<p>[vc_row][vc_column][tm_spacer size=&#8220;lg:40&#8243;][\/vc_column][\/vc_row][vc_row][vc_column width=&#8220;1\/2&#8243;][vc_column_text]Mit unserem Team k\u00f6nnen wir Ihnen dabei helfen, wichtige Gro\u00dfprojekte transparent und nachhaltig f\u00fcr eine zeitgem\u00e4\u00dfe B\u00fcrgerkommunikation aufzubereiten. Ebenso unterst\u00fctzen wir Sie, komplexe neuartige Produkte, Dienstleistungen oder Pr\u00e4sentationen in Business to Customer (BtoC) oder Business to Business (BtoB) per Video, Webseite oder Print f\u00fcr zuk\u00fcnftige Auftraggeber attraktiv zu gestalten oder zu optimieren.[\/vc_column_text][\/vc_column][vc_column width=&#8220;1\/2&#8243;][vc_column_text] [\/vc_column_text][tm_spacer size=&#8220;lg:25&#8243;][vc_column_text] [\/vc_column_text][tm_spacer size=&#8220;lg:25&#8243;][\/vc_column][\/vc_row]<\/p>\n","protected":false},"author":1,"featured_media":0,"parent":0,"menu_order":0,"comment_status":"closed","ping_status":"closed","template":"","meta":{"footnotes":""},"class_list":["post-5061","page","type-page","status-publish","hentry","post-no-thumbnail"],"_links":{"self":[{"href":"https:\/\/ing-connect.de\/index.php?rest_route=\/wp\/v2\/pages\/5061","targetHints":{"allow":["GET"]}}],"collection":[{"href":"https:\/\/ing-connect.de\/index.php?rest_route=\/wp\/v2\/pages"}],"about":[{"href":"https:\/\/ing-connect.de\/index.php?rest_route=\/wp\/v2\/types\/page"}],"author":[{"embeddable":true,"href":"https:\/\/ing-connect.de\/index.php?rest_route=\/wp\/v2\/users\/1"}],"replies":[{"embeddable":true,"href":"https:\/\/ing-connect.de\/index.php?rest_route=%2Fwp%2Fv2%2Fcomments&post=5061"}],"version-history":[{"count":20,"href":"https:\/\/ing-connect.de\/index.php?rest_route=\/wp\/v2\/pages\/5061\/revisions"}],"predecessor-version":[{"id":5557,"href":"https:\/\/ing-connect.de\/index.php?rest_route=\/wp\/v2\/pages\/5061\/revisions\/5557"}],"wp:attachment":[{"href":"https:\/\/ing-connect.de\/index.php?rest_route=%2Fwp%2Fv2%2Fmedia&parent=5061"}],"curies":[{"name":"wp","href":"https:\/\/api.w.org\/{rel}","templated":true}]}}