{"id":5058,"date":"2020-04-14T13:12:46","date_gmt":"2020-04-14T13:12:46","guid":{"rendered":"http:\/\/ing-connect.de\/?page_id=5058"},"modified":"2020-04-27T10:46:15","modified_gmt":"2020-04-27T10:46:15","slug":"software-und-visualisierung","status":"publish","type":"page","link":"https:\/\/ing-connect.de\/?page_id=5058","title":{"rendered":"Software und Visualisierung"},"content":{"rendered":"<div class=\"wpb-content-wrapper\"><p>[vc_row][vc_column][tm_spacer size=&#8220;lg:40&#8243;][\/vc_column][\/vc_row][vc_row][vc_column width=&#8220;1\/2&#8243;][vc_column_text]<\/p>\n<h4><span style=\"color: #6bb529;\">\u00dcberzeugende Visualisierungen helfen uns nicht nur bei der Vermarktung von Produkten. Sie helfen uns auch dabei, die Komplexit\u00e4t bundesweiter Stoffstr\u00f6me digitalisiert zu ordnen und buchst\u00e4blich 12 Monate im Voraus \u00fcberschaubar und nachvollziehbar zu machen \u2013 Monat f\u00fcr Monat.<\/span><\/h4>\n<p>[\/vc_column_text][\/vc_column][vc_column width=&#8220;1\/2&#8243;][vc_column_text]<\/p>\n<p style=\"text-align: left;\">Unsere Software zur Stoffstromnavigation denkt dabei in 5 Dimensionen: Materialeignung, Zeitkorridor, lokale N\u00e4he, Wirtschaftlichkeit und \u00f6kologische Nachhaltigkeit.<\/p>\n<p>Dabei dokumentieren, digitalisieren und visualisieren wir nat\u00fcrliche Materialquellen ebenso wie Gro\u00dfprojekte, Entfernungen, Materialqualit\u00e4ten, Aufbereitungsanlagen und Liefer-\/Entsorgungspreise. So bieten wir Ihnen eine \u00dcbersicht und Planungssicherheit in einem Netzwerk von Marketing- und Bau-Experten \u2013 ING-CONNECT!<\/p>\n<p style=\"text-align: left;\"><strong>Kontakten Sie uns gerne.<\/strong><\/p>\n<p>[\/vc_column_text][\/vc_column][\/vc_row]<\/p>\n<\/div>","protected":false},"excerpt":{"rendered":"<p>[vc_row][vc_column][tm_spacer size=&#8220;lg:40&#8243;][\/vc_column][\/vc_row][vc_row][vc_column width=&#8220;1\/2&#8243;][vc_column_text] \u00dcberzeugende Visualisierungen helfen uns nicht nur bei der Vermarktung von Produkten. Sie helfen uns auch dabei, die Komplexit\u00e4t bundesweiter Stoffstr\u00f6me digitalisiert zu ordnen und buchst\u00e4blich 12 Monate im Voraus \u00fcberschaubar und nachvollziehbar zu machen \u2013 Monat f\u00fcr Monat. [\/vc_column_text][\/vc_column][vc_column width=&#8220;1\/2&#8243;][vc_column_text] Unsere Software zur Stoffstromnavigation denkt dabei in 5 Dimensionen: Materialeignung, Zeitkorridor, lokale N\u00e4he, Wirtschaftlichkeit und \u00f6kologische Nachhaltigkeit. Dabei dokumentieren, digitalisieren und visualisieren wir nat\u00fcrliche Materialquellen ebenso wie Gro\u00dfprojekte, Entfernungen, Materialqualit\u00e4ten, Aufbereitungsanlagen und Liefer-\/Entsorgungspreise. So bieten wir Ihnen eine \u00dcbersicht und Planungssicherheit in einem Netzwerk von Marketing- und Bau-Experten \u2013 ING-CONNECT! Kontakten Sie uns gerne. [\/vc_column_text][\/vc_column][\/vc_row]<\/p>\n","protected":false},"author":1,"featured_media":0,"parent":0,"menu_order":0,"comment_status":"closed","ping_status":"closed","template":"","meta":{"footnotes":""},"class_list":["post-5058","page","type-page","status-publish","hentry","post-no-thumbnail"],"_links":{"self":[{"href":"https:\/\/ing-connect.de\/index.php?rest_route=\/wp\/v2\/pages\/5058","targetHints":{"allow":["GET"]}}],"collection":[{"href":"https:\/\/ing-connect.de\/index.php?rest_route=\/wp\/v2\/pages"}],"about":[{"href":"https:\/\/ing-connect.de\/index.php?rest_route=\/wp\/v2\/types\/page"}],"author":[{"embeddable":true,"href":"https:\/\/ing-connect.de\/index.php?rest_route=\/wp\/v2\/users\/1"}],"replies":[{"embeddable":true,"href":"https:\/\/ing-connect.de\/index.php?rest_route=%2Fwp%2Fv2%2Fcomments&post=5058"}],"version-history":[{"count":11,"href":"https:\/\/ing-connect.de\/index.php?rest_route=\/wp\/v2\/pages\/5058\/revisions"}],"predecessor-version":[{"id":5493,"href":"https:\/\/ing-connect.de\/index.php?rest_route=\/wp\/v2\/pages\/5058\/revisions\/5493"}],"wp:attachment":[{"href":"https:\/\/ing-connect.de\/index.php?rest_route=%2Fwp%2Fv2%2Fmedia&parent=5058"}],"curies":[{"name":"wp","href":"https:\/\/api.w.org\/{rel}","templated":true}]}}