{"id":5055,"date":"2020-04-14T13:11:40","date_gmt":"2020-04-14T13:11:40","guid":{"rendered":"http:\/\/ing-connect.de\/?page_id=5055"},"modified":"2020-04-22T09:31:26","modified_gmt":"2020-04-22T09:31:26","slug":"klimaschutz-und-ressourcenschonung","status":"publish","type":"page","link":"https:\/\/ing-connect.de\/?page_id=5055","title":{"rendered":"Klimaschutz und Ressourcenschonung"},"content":{"rendered":"<div class=\"wpb-content-wrapper\"><p>[vc_row][vc_column][tm_spacer size=&#8220;lg:40&#8243;][\/vc_column][\/vc_row][vc_row][vc_column width=&#8220;1\/2&#8243;][vc_column_text]<\/p>\n<h4><span style=\"color: #6bb529;\">Geld-und Ressourcenschonung von der Projektidee bis zur Umsetzung<\/span><\/h4>\n<p>Der effiziente Einsatz der nat\u00fcrlichen Ressourcen ist nicht nur eine Frage der globalen und generations\u00fcbergreifenden Gerechtigkeit. Wir verstehen Klimaschutz und Ressourcenschonung als \u00f6kologische und \u00f6konomische Notwendigkeit f\u00fcr ein nachhaltiges wirtschaftliches Wachstum.[\/vc_column_text][\/vc_column][vc_column width=&#8220;1\/2&#8243;][vc_column_text]Schon mit Beginn Ihrer Projektentwicklung und Kalkulation k\u00f6nnen wie Sie auf Wunsch in allen HOAI-Planungsphasen punktuell oder ganzheitlich unterst\u00fctzen.<\/p>\n<p>Binden Sie uns fr\u00fchzeitig in Ihre Projektierung ein, um fundierte Konzepte zur Lieferung und Entsorgung von Baustoffen erarbeiten zu k\u00f6nnen. Gerade in \u00fcberregionaler Betrachtung bieten rechtzeitige Betrachtungen die Chance Ressourcen und Budgets zu schonen.[\/vc_column_text][\/vc_column][\/vc_row]<\/p>\n<\/div>","protected":false},"excerpt":{"rendered":"<p>[vc_row][vc_column][tm_spacer size=&#8220;lg:40&#8243;][\/vc_column][\/vc_row][vc_row][vc_column width=&#8220;1\/2&#8243;][vc_column_text] Geld-und Ressourcenschonung von der Projektidee bis zur Umsetzung Der effiziente Einsatz der nat\u00fcrlichen Ressourcen ist nicht nur eine Frage der globalen und generations\u00fcbergreifenden Gerechtigkeit. Wir verstehen Klimaschutz und Ressourcenschonung als \u00f6kologische und \u00f6konomische Notwendigkeit f\u00fcr ein nachhaltiges wirtschaftliches Wachstum.[\/vc_column_text][\/vc_column][vc_column width=&#8220;1\/2&#8243;][vc_column_text]Schon mit Beginn Ihrer Projektentwicklung und Kalkulation k\u00f6nnen wie Sie auf Wunsch in allen HOAI-Planungsphasen punktuell oder ganzheitlich unterst\u00fctzen. Binden Sie uns fr\u00fchzeitig in Ihre Projektierung ein, um fundierte Konzepte zur Lieferung und Entsorgung von Baustoffen erarbeiten zu k\u00f6nnen. Gerade in \u00fcberregionaler Betrachtung bieten rechtzeitige Betrachtungen die Chance Ressourcen und Budgets zu schonen.[\/vc_column_text][\/vc_column][\/vc_row]<\/p>\n","protected":false},"author":1,"featured_media":0,"parent":0,"menu_order":0,"comment_status":"closed","ping_status":"closed","template":"","meta":{"footnotes":""},"class_list":["post-5055","page","type-page","status-publish","hentry","post-no-thumbnail"],"_links":{"self":[{"href":"https:\/\/ing-connect.de\/index.php?rest_route=\/wp\/v2\/pages\/5055","targetHints":{"allow":["GET"]}}],"collection":[{"href":"https:\/\/ing-connect.de\/index.php?rest_route=\/wp\/v2\/pages"}],"about":[{"href":"https:\/\/ing-connect.de\/index.php?rest_route=\/wp\/v2\/types\/page"}],"author":[{"embeddable":true,"href":"https:\/\/ing-connect.de\/index.php?rest_route=\/wp\/v2\/users\/1"}],"replies":[{"embeddable":true,"href":"https:\/\/ing-connect.de\/index.php?rest_route=%2Fwp%2Fv2%2Fcomments&post=5055"}],"version-history":[{"count":5,"href":"https:\/\/ing-connect.de\/index.php?rest_route=\/wp\/v2\/pages\/5055\/revisions"}],"predecessor-version":[{"id":5345,"href":"https:\/\/ing-connect.de\/index.php?rest_route=\/wp\/v2\/pages\/5055\/revisions\/5345"}],"wp:attachment":[{"href":"https:\/\/ing-connect.de\/index.php?rest_route=%2Fwp%2Fv2%2Fmedia&parent=5055"}],"curies":[{"name":"wp","href":"https:\/\/api.w.org\/{rel}","templated":true}]}}