{"id":4929,"date":"2020-04-02T09:29:02","date_gmt":"2020-04-02T09:29:02","guid":{"rendered":"http:\/\/ing-connect.de\/?page_id=4929"},"modified":"2020-04-22T09:30:58","modified_gmt":"2020-04-22T09:30:58","slug":"recht-und-verordnungen","status":"publish","type":"page","link":"https:\/\/ing-connect.de\/?page_id=4929","title":{"rendered":"Bauen und Entsorgen"},"content":{"rendered":"<div class=\"wpb-content-wrapper\"><p>[vc_row][vc_column][tm_spacer size=&#8220;lg:40&#8243;][\/vc_column][\/vc_row][vc_row][vc_column width=&#8220;1\/2&#8243;][vc_column_text]<\/p>\n<h4><span style=\"color: #6bb529;\">Bauen und entsorgen sind Dienstleistungen, bei denen der Faktor \u201eZeit\u201c ma\u00dfgeblich f\u00fcr die Wirtschaftlichkeit eines Projektes verantwortlich zeichnet.<\/span><\/h4>\n<p>Ebenso wie der Bauablauf detailliert zu planen ist, gilt es, das Entsorgungsmanagement bereits vor Beginn der Ma\u00dfnahme im Zuge der Ausschreibung und Angebotskalkulation sorgf\u00e4ltig zu betrachten.<\/p>\n<p>Mit unserem Team arbeiten wir f\u00fcr Bauherren bzw. Bau- und Entsorgungsunternehmen oder auch St\u00e4dte, \u00a0Kommunen und Landesbetriebe Liefer- und Entsorgungsm\u00f6glichkeiten projektbezogen und exklusiv aus, die bei der sp\u00e4teren Bauausf\u00fchrung reibungslose und damit auch zeit- und kostenoptimierte Abl\u00e4ufe garantieren.<\/p>\n<p>Wir identifizieren f\u00fcr Sie leistungsstarke Lieferanten und zertifizierte Entsorgungsfachbetriebe und entwickeln unter Einbeziehung unseres Netzwerkes ein umfassendes Entsorgungskonzept.[\/vc_column_text][\/vc_column][vc_column width=&#8220;1\/2&#8243;][\/vc_column][\/vc_row]<\/p>\n<\/div>","protected":false},"excerpt":{"rendered":"<p>[vc_row][vc_column][tm_spacer size=&#8220;lg:40&#8243;][\/vc_column][\/vc_row][vc_row][vc_column width=&#8220;1\/2&#8243;][vc_column_text] Bauen und entsorgen sind Dienstleistungen, bei denen der Faktor \u201eZeit\u201c ma\u00dfgeblich f\u00fcr die Wirtschaftlichkeit eines Projektes verantwortlich zeichnet. Ebenso wie der Bauablauf detailliert zu planen ist, gilt es, das Entsorgungsmanagement bereits vor Beginn der Ma\u00dfnahme im Zuge der Ausschreibung und Angebotskalkulation sorgf\u00e4ltig zu betrachten. Mit unserem Team arbeiten wir f\u00fcr Bauherren bzw. Bau- und Entsorgungsunternehmen oder auch St\u00e4dte, \u00a0Kommunen und Landesbetriebe Liefer- und Entsorgungsm\u00f6glichkeiten projektbezogen und exklusiv aus, die bei der sp\u00e4teren Bauausf\u00fchrung reibungslose und damit auch zeit- und kostenoptimierte Abl\u00e4ufe garantieren. Wir identifizieren f\u00fcr Sie leistungsstarke Lieferanten und zertifizierte Entsorgungsfachbetriebe und entwickeln unter Einbeziehung unseres Netzwerkes ein umfassendes Entsorgungskonzept.[\/vc_column_text][\/vc_column][vc_column width=&#8220;1\/2&#8243;][\/vc_column][\/vc_row]<\/p>\n","protected":false},"author":1,"featured_media":0,"parent":0,"menu_order":0,"comment_status":"closed","ping_status":"closed","template":"","meta":{"footnotes":""},"class_list":["post-4929","page","type-page","status-publish","hentry","post-no-thumbnail"],"_links":{"self":[{"href":"https:\/\/ing-connect.de\/index.php?rest_route=\/wp\/v2\/pages\/4929","targetHints":{"allow":["GET"]}}],"collection":[{"href":"https:\/\/ing-connect.de\/index.php?rest_route=\/wp\/v2\/pages"}],"about":[{"href":"https:\/\/ing-connect.de\/index.php?rest_route=\/wp\/v2\/types\/page"}],"author":[{"embeddable":true,"href":"https:\/\/ing-connect.de\/index.php?rest_route=\/wp\/v2\/users\/1"}],"replies":[{"embeddable":true,"href":"https:\/\/ing-connect.de\/index.php?rest_route=%2Fwp%2Fv2%2Fcomments&post=4929"}],"version-history":[{"count":8,"href":"https:\/\/ing-connect.de\/index.php?rest_route=\/wp\/v2\/pages\/4929\/revisions"}],"predecessor-version":[{"id":5339,"href":"https:\/\/ing-connect.de\/index.php?rest_route=\/wp\/v2\/pages\/4929\/revisions\/5339"}],"wp:attachment":[{"href":"https:\/\/ing-connect.de\/index.php?rest_route=%2Fwp%2Fv2%2Fmedia&parent=4929"}],"curies":[{"name":"wp","href":"https:\/\/api.w.org\/{rel}","templated":true}]}}