{"id":4815,"date":"2020-03-31T13:31:47","date_gmt":"2020-03-31T13:31:47","guid":{"rendered":"http:\/\/ing-connect.de\/?page_id=4815"},"modified":"2020-04-22T09:30:16","modified_gmt":"2020-04-22T09:30:16","slug":"leistungsspektrum","status":"publish","type":"page","link":"https:\/\/ing-connect.de\/?page_id=4815","title":{"rendered":"Wir \u00fcber uns"},"content":{"rendered":"<div class=\"wpb-content-wrapper\"><p>[vc_row][vc_column][tm_spacer size=&#8220;lg:40&#8243;][\/vc_column][\/vc_row][vc_row][vc_column width=&#8220;1\/2&#8243;][vc_column_text]<\/p>\r\n<h4><span style=\"color: #6bb529;\"><strong>Wir sind ein Team bundesweit vernetzter Ingenieure, Projektmanager und Spezialisten im Bereich der Bau- und Entsorgungsbranche und der strategischen Kommunikation.<\/strong><\/span><\/h4>\r\n\r\n<p>Von der Stoffstromrecherche \u00fcber die Ausarbeitung eines Liefer- und Entsorgungskonzeptes bis hin zur Abwicklung Ihres Materialmanagements bieten wir Ihnen ein breites Spektrum an Dienstleistungen.<\/p>\r\n\r\n<p>Unsere Kunden sch\u00e4tzen unsere Detailkenntnis ebenso wie unseren Blick f\u00fcr das Ganze.<\/p>\r\n\r\n<p>Exklusivit\u00e4t und Kompetenz sind die Basis einer vertrauensvollen Zusammenarbeit mit unseren Gesch\u00e4ftspartnern im rechtlich und organisatorisch anspruchsvollen Bau- und Umweltsektor.<\/p>\r\n<p>[\/vc_column_text][\/vc_column][vc_column width=&#8220;1\/2&#8243;][vc_column_text][\/vc_column_text][\/vc_column][\/vc_row]<\/p><\/div>","protected":false},"excerpt":{"rendered":"<p>[vc_row][vc_column][tm_spacer size=&#8220;lg:40&#8243;][\/vc_column][\/vc_row][vc_row][vc_column width=&#8220;1\/2&#8243;][vc_column_text] Wir sind ein Team bundesweit vernetzter Ingenieure, Projektmanager und Spezialisten im Bereich der Bau- und Entsorgungsbranche und der strategischen Kommunikation. Von der Stoffstromrecherche \u00fcber die Ausarbeitung eines Liefer- und Entsorgungskonzeptes bis hin zur Abwicklung Ihres Materialmanagements bieten wir Ihnen ein breites Spektrum an Dienstleistungen. Unsere Kunden sch\u00e4tzen unsere Detailkenntnis ebenso wie unseren Blick f\u00fcr das Ganze. Exklusivit\u00e4t und Kompetenz sind die Basis einer vertrauensvollen Zusammenarbeit mit unseren Gesch\u00e4ftspartnern im rechtlich und organisatorisch anspruchsvollen Bau- und Umweltsektor. [\/vc_column_text][\/vc_column][vc_column width=&#8220;1\/2&#8243;][vc_column_text][\/vc_column_text][\/vc_column][\/vc_row]<\/p>\n","protected":false},"author":1,"featured_media":0,"parent":0,"menu_order":0,"comment_status":"closed","ping_status":"closed","template":"","meta":{"footnotes":""},"class_list":["post-4815","page","type-page","status-publish","hentry","post-no-thumbnail"],"_links":{"self":[{"href":"https:\/\/ing-connect.de\/index.php?rest_route=\/wp\/v2\/pages\/4815","targetHints":{"allow":["GET"]}}],"collection":[{"href":"https:\/\/ing-connect.de\/index.php?rest_route=\/wp\/v2\/pages"}],"about":[{"href":"https:\/\/ing-connect.de\/index.php?rest_route=\/wp\/v2\/types\/page"}],"author":[{"embeddable":true,"href":"https:\/\/ing-connect.de\/index.php?rest_route=\/wp\/v2\/users\/1"}],"replies":[{"embeddable":true,"href":"https:\/\/ing-connect.de\/index.php?rest_route=%2Fwp%2Fv2%2Fcomments&post=4815"}],"version-history":[{"count":14,"href":"https:\/\/ing-connect.de\/index.php?rest_route=\/wp\/v2\/pages\/4815\/revisions"}],"predecessor-version":[{"id":5323,"href":"https:\/\/ing-connect.de\/index.php?rest_route=\/wp\/v2\/pages\/4815\/revisions\/5323"}],"wp:attachment":[{"href":"https:\/\/ing-connect.de\/index.php?rest_route=%2Fwp%2Fv2%2Fmedia&parent=4815"}],"curies":[{"name":"wp","href":"https:\/\/api.w.org\/{rel}","templated":true}]}}